{"id":91,"date":"2020-06-08T14:03:41","date_gmt":"2020-06-08T14:03:41","guid":{"rendered":"https:\/\/www.studiospeel.nl\/shop\/?post_type=product&#038;p=91"},"modified":"2020-11-05T11:53:43","modified_gmt":"2020-11-05T11:53:43","slug":"kapitein-kees-ansichtkaart","status":"publish","type":"product","link":"https:\/\/www.studiospeel.nl\/shop\/product\/ansichtkaarten\/losse-ansichtkaarten\/kapitein-kees-ansichtkaart\/","title":{"rendered":"Kapitein Kees (Ansichtkaart)"},"content":{"rendered":"<p>De ansichtkaarten zijn herdrukken van de linosnedes of RISOprints die ook in de shop worden verkocht. Alle ansichtkaarten worden met een bruine enveloppe in een plastic hoes verpakt. Geprint op BioTop 250 gr\/m2 mat papier.<\/p>\n","protected":false},"excerpt":{"rendered":"<p>Leuke stoere ansichtkaart van Kapitein Kees, \u00e9\u00e9n van de machtige zeilers van de zeven zee\u00ebn.<\/p>\n<p>Hij vreest voor niemand, maar is ook door niemand gevreesd. Kees is namelijk bijna te aardig voor deze wereld. Terwijl hij een diepe hijs van zijn pijp neemt, kijkt hij over de zee. En dan denkt hij. Het leven is goed!<\/p>\n<p><strong>\u2705\u00a0 Uniek ontwerp<br \/>\n<\/strong><strong>\u2705\u00a0 Incl. bruine enveloppe<\/strong><\/p>\n","protected":false},"featured_media":200,"template":"","meta":{"site-sidebar-layout":"default","site-content-layout":"default","ast-site-content-layout":"default","site-content-style":"default","site-sidebar-style":"default","ast-global-header-display":"","ast-banner-title-visibility":"","ast-main-header-display":"","ast-hfb-above-header-display":"","ast-hfb-below-header-display":"","ast-hfb-mobile-header-display":"","site-post-title":"","ast-breadcrumbs-content":"","ast-featured-img":"","footer-sml-layout":"","theme-transparent-header-meta":"default","adv-header-id-meta":"","stick-header-meta":"","header-above-stick-meta":"","header-main-stick-meta":"","header-below-stick-meta":"","astra-migrate-meta-layouts":"default","ast-page-background-enabled":"default","ast-page-background-meta":{"desktop":{"background-color":"","background-image":"","background-repeat":"repeat","background-position":"center center","background-size":"auto","background-attachment":"scroll","background-type":"","background-media":"","overlay-type":"","overlay-color":"","overlay-opacity":"","overlay-gradient":""},"tablet":{"background-color":"","background-image":"","background-repeat":"repeat","background-position":"center center","background-size":"auto","background-attachment":"scroll","background-type":"","background-media":"","overlay-type":"","overlay-color":"","overlay-opacity":"","overlay-gradient":""},"mobile":{"background-color":"","background-image":"","background-repeat":"repeat","background-position":"center center","background-size":"auto","background-attachment":"scroll","background-type":"","background-media":"","overlay-type":"","overlay-color":"","overlay-opacity":"","overlay-gradient":""}},"ast-content-background-meta":{"desktop":{"background-color":"var(--ast-global-color-5)","background-image":"","background-repeat":"repeat","background-position":"center center","background-size":"auto","background-attachment":"scroll","background-type":"","background-media":"","overlay-type":"","overlay-color":"","overlay-opacity":"","overlay-gradient":""},"tablet":{"background-color":"var(--ast-global-color-5)","background-image":"","background-repeat":"repeat","background-position":"center center","background-size":"auto","background-attachment":"scroll","background-type":"","background-media":"","overlay-type":"","overlay-color":"","overlay-opacity":"","overlay-gradient":""},"mobile":{"background-color":"var(--ast-global-color-5)","background-image":"","background-repeat":"repeat","background-position":"center center","background-size":"auto","background-attachment":"scroll","background-type":"","background-media":"","overlay-type":"","overlay-color":"","overlay-opacity":"","overlay-gradient":""}}},"product_brand":[],"product_cat":[155,158],"product_tag":[174,180],"class_list":{"0":"post-91","1":"product","2":"type-product","3":"status-publish","4":"has-post-thumbnail","6":"product_cat-ansichtkaarten","7":"product_cat-losse-ansichtkaarten","8":"product_tag-a6","9":"product_tag-stoere-mannen","10":"desktop-align-left","11":"tablet-align-left","12":"mobile-align-left","14":"first","15":"instock","16":"taxable","17":"shipping-taxable","18":"purchasable","19":"product-type-simple"},"yoast_head":"<!-- This site is optimized with the Yoast SEO plugin v26.4 - https:\/\/yoast.com\/wordpress\/plugins\/seo\/ -->\n<title>Kapitein Kees (Ansichtkaart) - Shop<\/title>\n<meta name=\"robots\" content=\"index, follow, max-snippet:-1, max-image-preview:large, max-video-preview:-1\" \/>\n<link rel=\"canonical\" href=\"https:\/\/www.studiospeel.nl\/shop\/product\/ansichtkaarten\/losse-ansichtkaarten\/kapitein-kees-ansichtkaart\/\" \/>\n<meta property=\"og:locale\" content=\"nl_NL\" \/>\n<meta property=\"og:type\" content=\"article\" \/>\n<meta property=\"og:title\" content=\"Kapitein Kees (Ansichtkaart) - Shop\" \/>\n<meta property=\"og:description\" content=\"Leuke stoere ansichtkaart van Kapitein Kees, \u00e9\u00e9n van de machtige zeilers van de zeven zee\u00ebn.  Hij vreest voor niemand, maar is ook door niemand gevreesd. Kees is namelijk bijna te aardig voor deze wereld. Terwijl hij een diepe hijs van zijn pijp neemt, kijkt hij over de zee. En dan denkt hij. Het leven is goed!  \u2705\u00a0 Uniek ontwerp \u2705\u00a0 Incl. bruine enveloppe\" \/>\n<meta property=\"og:url\" content=\"https:\/\/www.studiospeel.nl\/shop\/product\/ansichtkaarten\/losse-ansichtkaarten\/kapitein-kees-ansichtkaart\/\" \/>\n<meta property=\"og:site_name\" content=\"Shop\" \/>\n<meta property=\"article:modified_time\" content=\"2020-11-05T11:53:43+00:00\" \/>\n<meta property=\"og:image\" content=\"https:\/\/www.studiospeel.nl\/shop\/wp-content\/uploads\/2020\/11\/KapiteinKees_Ansichtkaart.jpg\" \/>\n\t<meta property=\"og:image:width\" content=\"1200\" \/>\n\t<meta property=\"og:image:height\" content=\"1200\" \/>\n\t<meta property=\"og:image:type\" content=\"image\/jpeg\" \/>\n<meta name=\"twitter:card\" content=\"summary_large_image\" \/>\n<script type=\"application\/ld+json\" class=\"yoast-schema-graph\">{\"@context\":\"https:\/\/schema.org\",\"@graph\":[{\"@type\":\"WebPage\",\"@id\":\"https:\/\/www.studiospeel.nl\/shop\/product\/ansichtkaarten\/losse-ansichtkaarten\/kapitein-kees-ansichtkaart\/\",\"url\":\"https:\/\/www.studiospeel.nl\/shop\/product\/ansichtkaarten\/losse-ansichtkaarten\/kapitein-kees-ansichtkaart\/\",\"name\":\"Kapitein Kees (Ansichtkaart) - Shop\",\"isPartOf\":{\"@id\":\"https:\/\/www.studiospeel.nl\/shop\/#website\"},\"primaryImageOfPage\":{\"@id\":\"https:\/\/www.studiospeel.nl\/shop\/product\/ansichtkaarten\/losse-ansichtkaarten\/kapitein-kees-ansichtkaart\/#primaryimage\"},\"image\":{\"@id\":\"https:\/\/www.studiospeel.nl\/shop\/product\/ansichtkaarten\/losse-ansichtkaarten\/kapitein-kees-ansichtkaart\/#primaryimage\"},\"thumbnailUrl\":\"https:\/\/www.studiospeel.nl\/shop\/wp-content\/uploads\/2020\/11\/KapiteinKees_Ansichtkaart.jpg\",\"datePublished\":\"2020-06-08T14:03:41+00:00\",\"dateModified\":\"2020-11-05T11:53:43+00:00\",\"breadcrumb\":{\"@id\":\"https:\/\/www.studiospeel.nl\/shop\/product\/ansichtkaarten\/losse-ansichtkaarten\/kapitein-kees-ansichtkaart\/#breadcrumb\"},\"inLanguage\":\"nl-NL\",\"potentialAction\":[{\"@type\":\"ReadAction\",\"target\":[\"https:\/\/www.studiospeel.nl\/shop\/product\/ansichtkaarten\/losse-ansichtkaarten\/kapitein-kees-ansichtkaart\/\"]}]},{\"@type\":\"ImageObject\",\"inLanguage\":\"nl-NL\",\"@id\":\"https:\/\/www.studiospeel.nl\/shop\/product\/ansichtkaarten\/losse-ansichtkaarten\/kapitein-kees-ansichtkaart\/#primaryimage\",\"url\":\"https:\/\/www.studiospeel.nl\/shop\/wp-content\/uploads\/2020\/11\/KapiteinKees_Ansichtkaart.jpg\",\"contentUrl\":\"https:\/\/www.studiospeel.nl\/shop\/wp-content\/uploads\/2020\/11\/KapiteinKees_Ansichtkaart.jpg\",\"width\":1200,\"height\":1200},{\"@type\":\"BreadcrumbList\",\"@id\":\"https:\/\/www.studiospeel.nl\/shop\/product\/ansichtkaarten\/losse-ansichtkaarten\/kapitein-kees-ansichtkaart\/#breadcrumb\",\"itemListElement\":[{\"@type\":\"ListItem\",\"position\":1,\"name\":\"Speeltuin\",\"item\":\"https:\/\/www.studiospeel.nl\/shop\/\"},{\"@type\":\"ListItem\",\"position\":2,\"name\":\"Winkel\",\"item\":\"https:\/\/www.studiospeel.nl\/shop\/winkel\/\"},{\"@type\":\"ListItem\",\"position\":3,\"name\":\"Kapitein Kees (Ansichtkaart)\"}]},{\"@type\":\"WebSite\",\"@id\":\"https:\/\/www.studiospeel.nl\/shop\/#website\",\"url\":\"https:\/\/www.studiospeel.nl\/shop\/\",\"name\":\"Shop\",\"description\":\"Studio Speel's speeltuin\",\"potentialAction\":[{\"@type\":\"SearchAction\",\"target\":{\"@type\":\"EntryPoint\",\"urlTemplate\":\"https:\/\/www.studiospeel.nl\/shop\/?s={search_term_string}\"},\"query-input\":{\"@type\":\"PropertyValueSpecification\",\"valueRequired\":true,\"valueName\":\"search_term_string\"}}],\"inLanguage\":\"nl-NL\"}]}<\/script>\n<!-- \/ Yoast SEO plugin. -->","yoast_head_json":{"title":"Kapitein Kees (Ansichtkaart) - Shop","robots":{"index":"index","follow":"follow","max-snippet":"max-snippet:-1","max-image-preview":"max-image-preview:large","max-video-preview":"max-video-preview:-1"},"canonical":"https:\/\/www.studiospeel.nl\/shop\/product\/ansichtkaarten\/losse-ansichtkaarten\/kapitein-kees-ansichtkaart\/","og_locale":"nl_NL","og_type":"article","og_title":"Kapitein Kees (Ansichtkaart) - Shop","og_description":"Leuke stoere ansichtkaart van Kapitein Kees, \u00e9\u00e9n van de machtige zeilers van de zeven zee\u00ebn.  Hij vreest voor niemand, maar is ook door niemand gevreesd. Kees is namelijk bijna te aardig voor deze wereld. Terwijl hij een diepe hijs van zijn pijp neemt, kijkt hij over de zee. En dan denkt hij. Het leven is goed!  \u2705\u00a0 Uniek ontwerp \u2705\u00a0 Incl. bruine enveloppe","og_url":"https:\/\/www.studiospeel.nl\/shop\/product\/ansichtkaarten\/losse-ansichtkaarten\/kapitein-kees-ansichtkaart\/","og_site_name":"Shop","article_modified_time":"2020-11-05T11:53:43+00:00","og_image":[{"width":1200,"height":1200,"url":"https:\/\/www.studiospeel.nl\/shop\/wp-content\/uploads\/2020\/11\/KapiteinKees_Ansichtkaart.jpg","type":"image\/jpeg"}],"twitter_card":"summary_large_image","schema":{"@context":"https:\/\/schema.org","@graph":[{"@type":"WebPage","@id":"https:\/\/www.studiospeel.nl\/shop\/product\/ansichtkaarten\/losse-ansichtkaarten\/kapitein-kees-ansichtkaart\/","url":"https:\/\/www.studiospeel.nl\/shop\/product\/ansichtkaarten\/losse-ansichtkaarten\/kapitein-kees-ansichtkaart\/","name":"Kapitein Kees (Ansichtkaart) - Shop","isPartOf":{"@id":"https:\/\/www.studiospeel.nl\/shop\/#website"},"primaryImageOfPage":{"@id":"https:\/\/www.studiospeel.nl\/shop\/product\/ansichtkaarten\/losse-ansichtkaarten\/kapitein-kees-ansichtkaart\/#primaryimage"},"image":{"@id":"https:\/\/www.studiospeel.nl\/shop\/product\/ansichtkaarten\/losse-ansichtkaarten\/kapitein-kees-ansichtkaart\/#primaryimage"},"thumbnailUrl":"https:\/\/www.studiospeel.nl\/shop\/wp-content\/uploads\/2020\/11\/KapiteinKees_Ansichtkaart.jpg","datePublished":"2020-06-08T14:03:41+00:00","dateModified":"2020-11-05T11:53:43+00:00","breadcrumb":{"@id":"https:\/\/www.studiospeel.nl\/shop\/product\/ansichtkaarten\/losse-ansichtkaarten\/kapitein-kees-ansichtkaart\/#breadcrumb"},"inLanguage":"nl-NL","potentialAction":[{"@type":"ReadAction","target":["https:\/\/www.studiospeel.nl\/shop\/product\/ansichtkaarten\/losse-ansichtkaarten\/kapitein-kees-ansichtkaart\/"]}]},{"@type":"ImageObject","inLanguage":"nl-NL","@id":"https:\/\/www.studiospeel.nl\/shop\/product\/ansichtkaarten\/losse-ansichtkaarten\/kapitein-kees-ansichtkaart\/#primaryimage","url":"https:\/\/www.studiospeel.nl\/shop\/wp-content\/uploads\/2020\/11\/KapiteinKees_Ansichtkaart.jpg","contentUrl":"https:\/\/www.studiospeel.nl\/shop\/wp-content\/uploads\/2020\/11\/KapiteinKees_Ansichtkaart.jpg","width":1200,"height":1200},{"@type":"BreadcrumbList","@id":"https:\/\/www.studiospeel.nl\/shop\/product\/ansichtkaarten\/losse-ansichtkaarten\/kapitein-kees-ansichtkaart\/#breadcrumb","itemListElement":[{"@type":"ListItem","position":1,"name":"Speeltuin","item":"https:\/\/www.studiospeel.nl\/shop\/"},{"@type":"ListItem","position":2,"name":"Winkel","item":"https:\/\/www.studiospeel.nl\/shop\/winkel\/"},{"@type":"ListItem","position":3,"name":"Kapitein Kees (Ansichtkaart)"}]},{"@type":"WebSite","@id":"https:\/\/www.studiospeel.nl\/shop\/#website","url":"https:\/\/www.studiospeel.nl\/shop\/","name":"Shop","description":"Studio Speel's speeltuin","potentialAction":[{"@type":"SearchAction","target":{"@type":"EntryPoint","urlTemplate":"https:\/\/www.studiospeel.nl\/shop\/?s={search_term_string}"},"query-input":{"@type":"PropertyValueSpecification","valueRequired":true,"valueName":"search_term_string"}}],"inLanguage":"nl-NL"}]}},"_links":{"self":[{"href":"https:\/\/www.studiospeel.nl\/shop\/wp-json\/wp\/v2\/product\/91","targetHints":{"allow":["GET"]}}],"collection":[{"href":"https:\/\/www.studiospeel.nl\/shop\/wp-json\/wp\/v2\/product"}],"about":[{"href":"https:\/\/www.studiospeel.nl\/shop\/wp-json\/wp\/v2\/types\/product"}],"version-history":[{"count":4,"href":"https:\/\/www.studiospeel.nl\/shop\/wp-json\/wp\/v2\/product\/91\/revisions"}],"predecessor-version":[{"id":444,"href":"https:\/\/www.studiospeel.nl\/shop\/wp-json\/wp\/v2\/product\/91\/revisions\/444"}],"wp:featuredmedia":[{"embeddable":true,"href":"https:\/\/www.studiospeel.nl\/shop\/wp-json\/wp\/v2\/media\/200"}],"wp:attachment":[{"href":"https:\/\/www.studiospeel.nl\/shop\/wp-json\/wp\/v2\/media?parent=91"}],"wp:term":[{"taxonomy":"product_brand","embeddable":true,"href":"https:\/\/www.studiospeel.nl\/shop\/wp-json\/wp\/v2\/product_brand?post=91"},{"taxonomy":"product_cat","embeddable":true,"href":"https:\/\/www.studiospeel.nl\/shop\/wp-json\/wp\/v2\/product_cat?post=91"},{"taxonomy":"product_tag","embeddable":true,"href":"https:\/\/www.studiospeel.nl\/shop\/wp-json\/wp\/v2\/product_tag?post=91"}],"curies":[{"name":"wp","href":"https:\/\/api.w.org\/{rel}","templated":true}]}}